{"id":104,"date":"2022-03-22T14:35:28","date_gmt":"2022-03-22T13:35:28","guid":{"rendered":"https:\/\/www.openphotopoint.sk\/klub\/?page_id=104"},"modified":"2025-01-21T11:55:58","modified_gmt":"2025-01-21T10:55:58","slug":"clenovia-2","status":"publish","type":"page","link":"https:\/\/www.openphotopoint.sk\/klub\/clenovia-2\/","title":{"rendered":"\u010cLENOVIA"},"content":{"rendered":"\n<p>Marek Andrejko<\/p>\n\n\n\n<p>J\u00e1n Pe\u0165ovsk\u00fd<\/p>\n\n\n\n<p>Du\u0161an Michalka<\/p>\n\n\n\n<p>Martina Lopez Silman Hyllov\u00e1<\/p>\n\n\n\n<p>Zolt\u00e1n Terebesi<\/p>\n\n\n\n<p>Miroslava Hre\u0161kov\u00e1<\/p>\n\n\n\n<p>Alexandra Len\u00e1rtov\u00e1<\/p>\n\n\n\n<p>Franti\u0161ek Oravec<\/p>\n\n\n\n<p>Eduard Nemec<\/p>\n\n\n\n<p>Jozef Fekete<\/p>\n\n\n\n<p>Maria Calfa<\/p>\n\n\n\n<p>Martin Kac\u00far<\/p>\n\n\n\n<p>Justyna Jasa\u0148<\/p>\n\n\n\n<p>Zuzana Ple\u0161ov\u00e1<\/p>\n\n\n\n<p>\u013dubica Turner<\/p>\n\n\n\n<p>Peter Ka\u010dmar\u00edk<\/p>\n\n\n\n<p>Michal Dand\u00e1r<\/p>\n\n\n\n<p><a href=\"https:\/\/www.openphotopoint.sk\/klub\/katarina-dzurcaninova\/\">Katarina Dzur\u010daninov\u00e1<\/a><\/p>\n\n\n\n<p><a href=\"https:\/\/www.openphotopoint.sk\/klub\/index.php\/simko-jan\">\u0160imko J\u00e1n<\/a><\/p>\n","protected":false},"excerpt":{"rendered":"<p>Marek Andrejko J\u00e1n Pe\u0165ovsk\u00fd Du\u0161an Michalka Martina Lopez Silman Hyllov\u00e1 Zolt\u00e1n Terebesi Miroslava Hre\u0161kov\u00e1 Alexandra Len\u00e1rtov\u00e1 Franti\u0161ek Oravec Eduard Nemec Jozef Fekete Maria Calfa Martin Kac\u00far Justyna Jasa\u0148&#8230;<\/p>\n","protected":false},"author":1,"featured_media":0,"parent":0,"menu_order":0,"comment_status":"closed","ping_status":"closed","template":"","meta":{"_monsterinsights_skip_tracking":false,"_monsterinsights_sitenote_active":false,"_monsterinsights_sitenote_note":"","_monsterinsights_sitenote_category":0,"footnotes":""},"class_list":["post-104","page","type-page","status-publish","hentry"],"yoast_head":"<!-- This site is optimized with the Yoast SEO plugin v27.4 - https:\/\/yoast.com\/product\/yoast-seo-wordpress\/ -->\n<title>\u010cLENOVIA - openphotopoint<\/title>\n<meta name=\"robots\" content=\"index, follow, max-snippet:-1, max-image-preview:large, max-video-preview:-1\" \/>\n<link rel=\"canonical\" href=\"https:\/\/www.openphotopoint.sk\/klub\/clenovia-2\/\" \/>\n<meta property=\"og:locale\" content=\"sk_SK\" \/>\n<meta property=\"og:type\" content=\"article\" \/>\n<meta property=\"og:title\" content=\"\u010cLENOVIA - openphotopoint\" \/>\n<meta property=\"og:description\" content=\"Marek Andrejko J\u00e1n Pe\u0165ovsk\u00fd Du\u0161an Michalka Martina Lopez Silman Hyllov\u00e1 Zolt\u00e1n Terebesi Miroslava Hre\u0161kov\u00e1 Alexandra Len\u00e1rtov\u00e1 Franti\u0161ek Oravec Eduard Nemec Jozef Fekete Maria Calfa Martin Kac\u00far Justyna Jasa\u0148...\" \/>\n<meta property=\"og:url\" content=\"https:\/\/www.openphotopoint.sk\/klub\/clenovia-2\/\" \/>\n<meta property=\"og:site_name\" content=\"openphotopoint\" \/>\n<meta property=\"article:modified_time\" content=\"2025-01-21T10:55:58+00:00\" \/>\n<meta name=\"twitter:card\" content=\"summary_large_image\" \/>\n<meta name=\"twitter:label1\" content=\"Predpokladan\u00fd \u010das \u010d\u00edtania\" \/>\n\t<meta name=\"twitter:data1\" content=\"1 min\u00fata\" \/>\n<script type=\"application\/ld+json\" class=\"yoast-schema-graph\">{\"@context\":\"https:\\\/\\\/schema.org\",\"@graph\":[{\"@type\":\"WebPage\",\"@id\":\"https:\\\/\\\/www.openphotopoint.sk\\\/klub\\\/clenovia-2\\\/\",\"url\":\"https:\\\/\\\/www.openphotopoint.sk\\\/klub\\\/clenovia-2\\\/\",\"name\":\"\u010cLENOVIA - openphotopoint\",\"isPartOf\":{\"@id\":\"https:\\\/\\\/www.openphotopoint.sk\\\/klub\\\/#website\"},\"datePublished\":\"2022-03-22T13:35:28+00:00\",\"dateModified\":\"2025-01-21T10:55:58+00:00\",\"breadcrumb\":{\"@id\":\"https:\\\/\\\/www.openphotopoint.sk\\\/klub\\\/clenovia-2\\\/#breadcrumb\"},\"inLanguage\":\"sk-SK\",\"potentialAction\":[{\"@type\":\"ReadAction\",\"target\":[\"https:\\\/\\\/www.openphotopoint.sk\\\/klub\\\/clenovia-2\\\/\"]}]},{\"@type\":\"BreadcrumbList\",\"@id\":\"https:\\\/\\\/www.openphotopoint.sk\\\/klub\\\/clenovia-2\\\/#breadcrumb\",\"itemListElement\":[{\"@type\":\"ListItem\",\"position\":1,\"name\":\"Home\",\"item\":\"https:\\\/\\\/www.openphotopoint.sk\\\/klub\\\/\"},{\"@type\":\"ListItem\",\"position\":2,\"name\":\"\u010cLENOVIA\"}]},{\"@type\":\"WebSite\",\"@id\":\"https:\\\/\\\/www.openphotopoint.sk\\\/klub\\\/#website\",\"url\":\"https:\\\/\\\/www.openphotopoint.sk\\\/klub\\\/\",\"name\":\"openphotopoint\",\"description\":\"\",\"publisher\":{\"@id\":\"https:\\\/\\\/www.openphotopoint.sk\\\/klub\\\/#organization\"},\"potentialAction\":[{\"@type\":\"SearchAction\",\"target\":{\"@type\":\"EntryPoint\",\"urlTemplate\":\"https:\\\/\\\/www.openphotopoint.sk\\\/klub\\\/?s={search_term_string}\"},\"query-input\":{\"@type\":\"PropertyValueSpecification\",\"valueRequired\":true,\"valueName\":\"search_term_string\"}}],\"inLanguage\":\"sk-SK\"},{\"@type\":\"Organization\",\"@id\":\"https:\\\/\\\/www.openphotopoint.sk\\\/klub\\\/#organization\",\"name\":\"openphotopoint\",\"url\":\"https:\\\/\\\/www.openphotopoint.sk\\\/klub\\\/\",\"logo\":{\"@type\":\"ImageObject\",\"inLanguage\":\"sk-SK\",\"@id\":\"https:\\\/\\\/www.openphotopoint.sk\\\/klub\\\/#\\\/schema\\\/logo\\\/image\\\/\",\"url\":\"https:\\\/\\\/www.openphotopoint.sk\\\/klub\\\/wp-content\\\/uploads\\\/2022\\\/03\\\/Open-Photo-Point_logo-central.png\",\"contentUrl\":\"https:\\\/\\\/www.openphotopoint.sk\\\/klub\\\/wp-content\\\/uploads\\\/2022\\\/03\\\/Open-Photo-Point_logo-central.png\",\"width\":945,\"height\":791,\"caption\":\"openphotopoint\"},\"image\":{\"@id\":\"https:\\\/\\\/www.openphotopoint.sk\\\/klub\\\/#\\\/schema\\\/logo\\\/image\\\/\"}}]}<\/script>\n<!-- \/ Yoast SEO plugin. -->","yoast_head_json":{"title":"\u010cLENOVIA - openphotopoint","robots":{"index":"index","follow":"follow","max-snippet":"max-snippet:-1","max-image-preview":"max-image-preview:large","max-video-preview":"max-video-preview:-1"},"canonical":"https:\/\/www.openphotopoint.sk\/klub\/clenovia-2\/","og_locale":"sk_SK","og_type":"article","og_title":"\u010cLENOVIA - openphotopoint","og_description":"Marek Andrejko J\u00e1n Pe\u0165ovsk\u00fd Du\u0161an Michalka Martina Lopez Silman Hyllov\u00e1 Zolt\u00e1n Terebesi Miroslava Hre\u0161kov\u00e1 Alexandra Len\u00e1rtov\u00e1 Franti\u0161ek Oravec Eduard Nemec Jozef Fekete Maria Calfa Martin Kac\u00far Justyna Jasa\u0148...","og_url":"https:\/\/www.openphotopoint.sk\/klub\/clenovia-2\/","og_site_name":"openphotopoint","article_modified_time":"2025-01-21T10:55:58+00:00","twitter_card":"summary_large_image","twitter_misc":{"Predpokladan\u00fd \u010das \u010d\u00edtania":"1 min\u00fata"},"schema":{"@context":"https:\/\/schema.org","@graph":[{"@type":"WebPage","@id":"https:\/\/www.openphotopoint.sk\/klub\/clenovia-2\/","url":"https:\/\/www.openphotopoint.sk\/klub\/clenovia-2\/","name":"\u010cLENOVIA - openphotopoint","isPartOf":{"@id":"https:\/\/www.openphotopoint.sk\/klub\/#website"},"datePublished":"2022-03-22T13:35:28+00:00","dateModified":"2025-01-21T10:55:58+00:00","breadcrumb":{"@id":"https:\/\/www.openphotopoint.sk\/klub\/clenovia-2\/#breadcrumb"},"inLanguage":"sk-SK","potentialAction":[{"@type":"ReadAction","target":["https:\/\/www.openphotopoint.sk\/klub\/clenovia-2\/"]}]},{"@type":"BreadcrumbList","@id":"https:\/\/www.openphotopoint.sk\/klub\/clenovia-2\/#breadcrumb","itemListElement":[{"@type":"ListItem","position":1,"name":"Home","item":"https:\/\/www.openphotopoint.sk\/klub\/"},{"@type":"ListItem","position":2,"name":"\u010cLENOVIA"}]},{"@type":"WebSite","@id":"https:\/\/www.openphotopoint.sk\/klub\/#website","url":"https:\/\/www.openphotopoint.sk\/klub\/","name":"openphotopoint","description":"","publisher":{"@id":"https:\/\/www.openphotopoint.sk\/klub\/#organization"},"potentialAction":[{"@type":"SearchAction","target":{"@type":"EntryPoint","urlTemplate":"https:\/\/www.openphotopoint.sk\/klub\/?s={search_term_string}"},"query-input":{"@type":"PropertyValueSpecification","valueRequired":true,"valueName":"search_term_string"}}],"inLanguage":"sk-SK"},{"@type":"Organization","@id":"https:\/\/www.openphotopoint.sk\/klub\/#organization","name":"openphotopoint","url":"https:\/\/www.openphotopoint.sk\/klub\/","logo":{"@type":"ImageObject","inLanguage":"sk-SK","@id":"https:\/\/www.openphotopoint.sk\/klub\/#\/schema\/logo\/image\/","url":"https:\/\/www.openphotopoint.sk\/klub\/wp-content\/uploads\/2022\/03\/Open-Photo-Point_logo-central.png","contentUrl":"https:\/\/www.openphotopoint.sk\/klub\/wp-content\/uploads\/2022\/03\/Open-Photo-Point_logo-central.png","width":945,"height":791,"caption":"openphotopoint"},"image":{"@id":"https:\/\/www.openphotopoint.sk\/klub\/#\/schema\/logo\/image\/"}}]}},"_links":{"self":[{"href":"https:\/\/www.openphotopoint.sk\/klub\/wp-json\/wp\/v2\/pages\/104","targetHints":{"allow":["GET"]}}],"collection":[{"href":"https:\/\/www.openphotopoint.sk\/klub\/wp-json\/wp\/v2\/pages"}],"about":[{"href":"https:\/\/www.openphotopoint.sk\/klub\/wp-json\/wp\/v2\/types\/page"}],"author":[{"embeddable":true,"href":"https:\/\/www.openphotopoint.sk\/klub\/wp-json\/wp\/v2\/users\/1"}],"replies":[{"embeddable":true,"href":"https:\/\/www.openphotopoint.sk\/klub\/wp-json\/wp\/v2\/comments?post=104"}],"version-history":[{"count":5,"href":"https:\/\/www.openphotopoint.sk\/klub\/wp-json\/wp\/v2\/pages\/104\/revisions"}],"predecessor-version":[{"id":517,"href":"https:\/\/www.openphotopoint.sk\/klub\/wp-json\/wp\/v2\/pages\/104\/revisions\/517"}],"wp:attachment":[{"href":"https:\/\/www.openphotopoint.sk\/klub\/wp-json\/wp\/v2\/media?parent=104"}],"curies":[{"name":"wp","href":"https:\/\/api.w.org\/{rel}","templated":true}]}}