{"id":509,"date":"2025-01-21T11:28:01","date_gmt":"2025-01-21T10:28:01","guid":{"rendered":"https:\/\/www.openphotopoint.sk\/klub\/?page_id=509"},"modified":"2025-01-21T12:19:01","modified_gmt":"2025-01-21T11:19:01","slug":"katarina-dzurcaninova","status":"publish","type":"page","link":"https:\/\/www.openphotopoint.sk\/klub\/katarina-dzurcaninova\/","title":{"rendered":"Katarina Dzur\u010daninov\u00e1"},"content":{"rendered":"\n<ul class=\"wp-block-list\">\n<li><em>Kedy si sa zozn\u00e1mila s fotografiou ?<\/em>\n<ul class=\"wp-block-list\">\n<li><strong>V deviatich rokoch som prv\u00fd kr\u00e1t sk\u00fa\u0161ala foti\u0165 na rodi\u010dovsk\u00fd fotoapar\u00e1t zna\u010dky Flexaret.<\/strong><\/li>\n<\/ul>\n<\/li>\n\n\n\n<li><em>Ak\u00e1 je Tvoja ob\u013e\u00faben\u00e1 foto t\u00e9ma ?<\/em>\n<ul class=\"wp-block-list\">\n<li><strong>Report\u00e1\u017ena tane\u010dn\u00e1 fotografia.<\/strong><\/li>\n<\/ul>\n<\/li>\n\n\n\n<li><em>Ak\u00fa taktiku a strat\u00e9giu vyu\u017e\u00edva\u0161 pri fotografovani ?<\/em>\n<ul class=\"wp-block-list\">\n<li><strong>Vyu\u017e\u00edvam strat\u00e9giu anal\u00f3gov\u00e9ho fotenia.<\/strong><\/li>\n<\/ul>\n<\/li>\n\n\n\n<li><em>\u010co pre Teba znamen\u00e1 fotografia ?<\/em>\n<ul class=\"wp-block-list\">\n<li><strong>Pocit.<\/strong><\/li>\n<\/ul>\n<\/li>\n<\/ul>\n","protected":false},"excerpt":{"rendered":"","protected":false},"author":1,"featured_media":0,"parent":0,"menu_order":0,"comment_status":"closed","ping_status":"closed","template":"","meta":{"_monsterinsights_skip_tracking":false,"_monsterinsights_sitenote_active":false,"_monsterinsights_sitenote_note":"","_monsterinsights_sitenote_category":0,"footnotes":""},"class_list":["post-509","page","type-page","status-publish","hentry"],"yoast_head":"<!-- This site is optimized with the Yoast SEO plugin v27.4 - https:\/\/yoast.com\/product\/yoast-seo-wordpress\/ -->\n<title>Katarina Dzur\u010daninov\u00e1 - openphotopoint<\/title>\n<meta name=\"robots\" content=\"index, follow, max-snippet:-1, max-image-preview:large, max-video-preview:-1\" \/>\n<link rel=\"canonical\" href=\"https:\/\/www.openphotopoint.sk\/klub\/katarina-dzurcaninova\/\" \/>\n<meta property=\"og:locale\" content=\"sk_SK\" \/>\n<meta property=\"og:type\" content=\"article\" \/>\n<meta property=\"og:title\" content=\"Katarina Dzur\u010daninov\u00e1 - openphotopoint\" \/>\n<meta property=\"og:url\" content=\"https:\/\/www.openphotopoint.sk\/klub\/katarina-dzurcaninova\/\" \/>\n<meta property=\"og:site_name\" content=\"openphotopoint\" \/>\n<meta property=\"article:modified_time\" content=\"2025-01-21T11:19:01+00:00\" \/>\n<meta name=\"twitter:card\" content=\"summary_large_image\" \/>\n<meta name=\"twitter:label1\" content=\"Predpokladan\u00fd \u010das \u010d\u00edtania\" \/>\n\t<meta name=\"twitter:data1\" content=\"1 min\u00fata\" \/>\n<script type=\"application\/ld+json\" class=\"yoast-schema-graph\">{\"@context\":\"https:\\\/\\\/schema.org\",\"@graph\":[{\"@type\":\"WebPage\",\"@id\":\"https:\\\/\\\/www.openphotopoint.sk\\\/klub\\\/katarina-dzurcaninova\\\/\",\"url\":\"https:\\\/\\\/www.openphotopoint.sk\\\/klub\\\/katarina-dzurcaninova\\\/\",\"name\":\"Katarina Dzur\u010daninov\u00e1 - openphotopoint\",\"isPartOf\":{\"@id\":\"https:\\\/\\\/www.openphotopoint.sk\\\/klub\\\/#website\"},\"datePublished\":\"2025-01-21T10:28:01+00:00\",\"dateModified\":\"2025-01-21T11:19:01+00:00\",\"breadcrumb\":{\"@id\":\"https:\\\/\\\/www.openphotopoint.sk\\\/klub\\\/katarina-dzurcaninova\\\/#breadcrumb\"},\"inLanguage\":\"sk-SK\",\"potentialAction\":[{\"@type\":\"ReadAction\",\"target\":[\"https:\\\/\\\/www.openphotopoint.sk\\\/klub\\\/katarina-dzurcaninova\\\/\"]}]},{\"@type\":\"BreadcrumbList\",\"@id\":\"https:\\\/\\\/www.openphotopoint.sk\\\/klub\\\/katarina-dzurcaninova\\\/#breadcrumb\",\"itemListElement\":[{\"@type\":\"ListItem\",\"position\":1,\"name\":\"Home\",\"item\":\"https:\\\/\\\/www.openphotopoint.sk\\\/klub\\\/\"},{\"@type\":\"ListItem\",\"position\":2,\"name\":\"Katarina Dzur\u010daninov\u00e1\"}]},{\"@type\":\"WebSite\",\"@id\":\"https:\\\/\\\/www.openphotopoint.sk\\\/klub\\\/#website\",\"url\":\"https:\\\/\\\/www.openphotopoint.sk\\\/klub\\\/\",\"name\":\"openphotopoint\",\"description\":\"\",\"publisher\":{\"@id\":\"https:\\\/\\\/www.openphotopoint.sk\\\/klub\\\/#organization\"},\"potentialAction\":[{\"@type\":\"SearchAction\",\"target\":{\"@type\":\"EntryPoint\",\"urlTemplate\":\"https:\\\/\\\/www.openphotopoint.sk\\\/klub\\\/?s={search_term_string}\"},\"query-input\":{\"@type\":\"PropertyValueSpecification\",\"valueRequired\":true,\"valueName\":\"search_term_string\"}}],\"inLanguage\":\"sk-SK\"},{\"@type\":\"Organization\",\"@id\":\"https:\\\/\\\/www.openphotopoint.sk\\\/klub\\\/#organization\",\"name\":\"openphotopoint\",\"url\":\"https:\\\/\\\/www.openphotopoint.sk\\\/klub\\\/\",\"logo\":{\"@type\":\"ImageObject\",\"inLanguage\":\"sk-SK\",\"@id\":\"https:\\\/\\\/www.openphotopoint.sk\\\/klub\\\/#\\\/schema\\\/logo\\\/image\\\/\",\"url\":\"https:\\\/\\\/www.openphotopoint.sk\\\/klub\\\/wp-content\\\/uploads\\\/2022\\\/03\\\/Open-Photo-Point_logo-central.png\",\"contentUrl\":\"https:\\\/\\\/www.openphotopoint.sk\\\/klub\\\/wp-content\\\/uploads\\\/2022\\\/03\\\/Open-Photo-Point_logo-central.png\",\"width\":945,\"height\":791,\"caption\":\"openphotopoint\"},\"image\":{\"@id\":\"https:\\\/\\\/www.openphotopoint.sk\\\/klub\\\/#\\\/schema\\\/logo\\\/image\\\/\"}}]}<\/script>\n<!-- \/ Yoast SEO plugin. -->","yoast_head_json":{"title":"Katarina Dzur\u010daninov\u00e1 - openphotopoint","robots":{"index":"index","follow":"follow","max-snippet":"max-snippet:-1","max-image-preview":"max-image-preview:large","max-video-preview":"max-video-preview:-1"},"canonical":"https:\/\/www.openphotopoint.sk\/klub\/katarina-dzurcaninova\/","og_locale":"sk_SK","og_type":"article","og_title":"Katarina Dzur\u010daninov\u00e1 - openphotopoint","og_url":"https:\/\/www.openphotopoint.sk\/klub\/katarina-dzurcaninova\/","og_site_name":"openphotopoint","article_modified_time":"2025-01-21T11:19:01+00:00","twitter_card":"summary_large_image","twitter_misc":{"Predpokladan\u00fd \u010das \u010d\u00edtania":"1 min\u00fata"},"schema":{"@context":"https:\/\/schema.org","@graph":[{"@type":"WebPage","@id":"https:\/\/www.openphotopoint.sk\/klub\/katarina-dzurcaninova\/","url":"https:\/\/www.openphotopoint.sk\/klub\/katarina-dzurcaninova\/","name":"Katarina Dzur\u010daninov\u00e1 - openphotopoint","isPartOf":{"@id":"https:\/\/www.openphotopoint.sk\/klub\/#website"},"datePublished":"2025-01-21T10:28:01+00:00","dateModified":"2025-01-21T11:19:01+00:00","breadcrumb":{"@id":"https:\/\/www.openphotopoint.sk\/klub\/katarina-dzurcaninova\/#breadcrumb"},"inLanguage":"sk-SK","potentialAction":[{"@type":"ReadAction","target":["https:\/\/www.openphotopoint.sk\/klub\/katarina-dzurcaninova\/"]}]},{"@type":"BreadcrumbList","@id":"https:\/\/www.openphotopoint.sk\/klub\/katarina-dzurcaninova\/#breadcrumb","itemListElement":[{"@type":"ListItem","position":1,"name":"Home","item":"https:\/\/www.openphotopoint.sk\/klub\/"},{"@type":"ListItem","position":2,"name":"Katarina Dzur\u010daninov\u00e1"}]},{"@type":"WebSite","@id":"https:\/\/www.openphotopoint.sk\/klub\/#website","url":"https:\/\/www.openphotopoint.sk\/klub\/","name":"openphotopoint","description":"","publisher":{"@id":"https:\/\/www.openphotopoint.sk\/klub\/#organization"},"potentialAction":[{"@type":"SearchAction","target":{"@type":"EntryPoint","urlTemplate":"https:\/\/www.openphotopoint.sk\/klub\/?s={search_term_string}"},"query-input":{"@type":"PropertyValueSpecification","valueRequired":true,"valueName":"search_term_string"}}],"inLanguage":"sk-SK"},{"@type":"Organization","@id":"https:\/\/www.openphotopoint.sk\/klub\/#organization","name":"openphotopoint","url":"https:\/\/www.openphotopoint.sk\/klub\/","logo":{"@type":"ImageObject","inLanguage":"sk-SK","@id":"https:\/\/www.openphotopoint.sk\/klub\/#\/schema\/logo\/image\/","url":"https:\/\/www.openphotopoint.sk\/klub\/wp-content\/uploads\/2022\/03\/Open-Photo-Point_logo-central.png","contentUrl":"https:\/\/www.openphotopoint.sk\/klub\/wp-content\/uploads\/2022\/03\/Open-Photo-Point_logo-central.png","width":945,"height":791,"caption":"openphotopoint"},"image":{"@id":"https:\/\/www.openphotopoint.sk\/klub\/#\/schema\/logo\/image\/"}}]}},"_links":{"self":[{"href":"https:\/\/www.openphotopoint.sk\/klub\/wp-json\/wp\/v2\/pages\/509","targetHints":{"allow":["GET"]}}],"collection":[{"href":"https:\/\/www.openphotopoint.sk\/klub\/wp-json\/wp\/v2\/pages"}],"about":[{"href":"https:\/\/www.openphotopoint.sk\/klub\/wp-json\/wp\/v2\/types\/page"}],"author":[{"embeddable":true,"href":"https:\/\/www.openphotopoint.sk\/klub\/wp-json\/wp\/v2\/users\/1"}],"replies":[{"embeddable":true,"href":"https:\/\/www.openphotopoint.sk\/klub\/wp-json\/wp\/v2\/comments?post=509"}],"version-history":[{"count":7,"href":"https:\/\/www.openphotopoint.sk\/klub\/wp-json\/wp\/v2\/pages\/509\/revisions"}],"predecessor-version":[{"id":531,"href":"https:\/\/www.openphotopoint.sk\/klub\/wp-json\/wp\/v2\/pages\/509\/revisions\/531"}],"wp:attachment":[{"href":"https:\/\/www.openphotopoint.sk\/klub\/wp-json\/wp\/v2\/media?parent=509"}],"curies":[{"name":"wp","href":"https:\/\/api.w.org\/{rel}","templated":true}]}}